{"id":26,"date":"2024-09-30T12:11:55","date_gmt":"2024-09-30T12:11:55","guid":{"rendered":"https:\/\/optimuscura.pl\/www\/?page_id=26"},"modified":"2024-09-30T13:09:31","modified_gmt":"2024-09-30T13:09:31","slug":"strona-glowna","status":"publish","type":"page","link":"https:\/\/optimuscura.pl\/www\/","title":{"rendered":""},"content":{"rendered":"\n<p>Z przyjemno\u015bci\u0105 przedstawiamy nasz\u0105 firm\u0119, <strong>Optimus Cura Medical Management Sp. z o.o.<\/strong> Jeste\u015bmy wyj\u0105tkowym zespo\u0142em, kt\u00f3ry specjalizuje si\u0119 w usprawnianiu i rozwijaniu dzia\u0142alno\u015bci leczniczej. Nasza misja, odzwierciedlona w nazwie, to pomoc w podnoszeniu jako\u015bci i efektywno\u015bci opieki nad pacjentem poprzez wsparcie organizacyjne.<\/p>\n","protected":false},"excerpt":{"rendered":"<p>Z przyjemno\u015bci\u0105 przedstawiamy nasz\u0105 firm\u0119, Optimus Cura Medical Management Sp. z o.o. Jeste\u015bmy wyj\u0105tkowym zespo\u0142em, kt\u00f3ry specjalizuje si\u0119 w usprawnianiu i rozwijaniu dzia\u0142alno\u015bci leczniczej. Nasza misja, odzwierciedlona w nazwie, to pomoc w podnoszeniu jako\u015bci i efektywno\u015bci opieki nad pacjentem poprzez wsparcie organizacyjne.<\/p>\n","protected":false},"author":1,"featured_media":0,"parent":0,"menu_order":0,"comment_status":"closed","ping_status":"closed","template":"","meta":{"footnotes":""},"class_list":["post-26","page","type-page","status-publish","hentry"],"_links":{"self":[{"href":"https:\/\/optimuscura.pl\/www\/index.php?rest_route=\/wp\/v2\/pages\/26","targetHints":{"allow":["GET"]}}],"collection":[{"href":"https:\/\/optimuscura.pl\/www\/index.php?rest_route=\/wp\/v2\/pages"}],"about":[{"href":"https:\/\/optimuscura.pl\/www\/index.php?rest_route=\/wp\/v2\/types\/page"}],"author":[{"embeddable":true,"href":"https:\/\/optimuscura.pl\/www\/index.php?rest_route=\/wp\/v2\/users\/1"}],"replies":[{"embeddable":true,"href":"https:\/\/optimuscura.pl\/www\/index.php?rest_route=%2Fwp%2Fv2%2Fcomments&post=26"}],"version-history":[{"count":5,"href":"https:\/\/optimuscura.pl\/www\/index.php?rest_route=\/wp\/v2\/pages\/26\/revisions"}],"predecessor-version":[{"id":69,"href":"https:\/\/optimuscura.pl\/www\/index.php?rest_route=\/wp\/v2\/pages\/26\/revisions\/69"}],"wp:attachment":[{"href":"https:\/\/optimuscura.pl\/www\/index.php?rest_route=%2Fwp%2Fv2%2Fmedia&parent=26"}],"curies":[{"name":"wp","href":"https:\/\/api.w.org\/{rel}","templated":true}]}}