{"id":27,"date":"2024-09-30T12:11:55","date_gmt":"2024-09-30T12:11:55","guid":{"rendered":"https:\/\/optimuscura.pl\/www\/?page_id=27"},"modified":"2024-10-09T16:15:34","modified_gmt":"2024-10-09T16:15:34","slug":"informacje","status":"publish","type":"page","link":"https:\/\/optimuscura.pl\/www\/?page_id=27","title":{"rendered":"Oferujemy"},"content":{"rendered":"\n<p><\/p>\n\n\n\n<p>Organizacja pracy podmiotu medycznego.<\/p>\n\n\n\n<p>Standaryzacja i optymalizacja proces\u00f3w wewn\u0105trz organizacji.<\/p>\n\n\n\n<p>Analiza, opracowanie i wdro\u017cenie \u015bcie\u017cki rozwoju podmiotu medycznego.<\/p>\n\n\n\n<p>Kszta\u0142towanie pozytywnego wizerunku.<\/p>\n\n\n\n<p>Wsparcie oraz obs\u0142uga podmiotu medycznego.<\/p>\n\n\n\n<p>Nawi\u0105zywanie i utrzymywanie relacji z interesariuszami.<\/p>\n\n\n\n<p>Rekrutacja personelu medycznego i niemedycznego.<\/p>\n\n\n\n<p>Onboarding i offboarding.<\/p>\n\n\n\n<p>Badanie potrzeb szkoleniowych oraz organizacja szkole\u0144.<\/p>\n\n\n\n<p>Standaryzacja dokument\u00f3w, procedur oraz regulamin\u00f3w wewn\u0119trznych i zewn\u0119trznych.<\/p>\n\n\n\n<p>Usprawnienie komunikacji podmiotu medycznego.<\/p>\n\n\n\n<p>Obs\u0142uga program\u00f3w dofinansowa\u0144 i konkurs\u00f3w w zakresie us\u0142ug medycznych.<\/p>\n\n\n\n<p>Identyfikacja i monitorowanie ryzyka.<\/p>\n\n\n\n<p>Ponadto oferujemy:<\/p>\n\n\n\n<p>Doradztwo informatyczne.<\/p>\n\n\n\n<p>Wdra\u017canie i integracje system\u00f3w.<\/p>\n\n\n\n<p>Doradztwo w zakresie sprz\u0119tu i oprogramowania.<\/p>\n\n\n\n<p>Zarz\u0105dzanie sieciami komputerowymi.<\/p>\n\n\n\n<p>Monitoring proces\u00f3w informatycznych.<\/p>\n\n\n\n<p>Audyt IT.<\/p>\n\n\n\n<p>Audyt, szkolenia, doradztwo zwi\u0105zane z ochron\u0105 danych.<\/p>\n\n\n\n<p>Szkolenia BHP i PPO\u017b.<\/p>\n\n\n\n<p>Pe\u0142nienie funkcji IOD.<\/p>\n\n\n\n<p>Audyt i monitoring wyceny procedur medycznych.<\/p>\n\n\n\n<p>Kreowanie i obs\u0142uga program\u00f3w lojalno\u015bciowych dostosowanych do potrzeb rynku.<\/p>\n\n\n\n<p>Organizacja opieki nad pacjentem.<\/p>\n\n\n\n<p>Wsparcie podczas kontroli organ\u00f3w zewn\u0119trznych.<\/p>\n","protected":false},"excerpt":{"rendered":"<p>Organizacja pracy podmiotu medycznego. Standaryzacja i optymalizacja proces\u00f3w wewn\u0105trz organizacji. Analiza, opracowanie i wdro\u017cenie \u015bcie\u017cki rozwoju podmiotu medycznego. Kszta\u0142towanie pozytywnego wizerunku. Wsparcie oraz obs\u0142uga podmiotu medycznego. Nawi\u0105zywanie i utrzymywanie relacji z interesariuszami. Rekrutacja personelu medycznego i niemedycznego. Onboarding i offboarding. Badanie potrzeb szkoleniowych oraz organizacja szkole\u0144. Standaryzacja dokument\u00f3w, procedur oraz regulamin\u00f3w wewn\u0119trznych i zewn\u0119trznych. Usprawnienie &hellip; <\/p>\n<p class=\"link-more\"><a href=\"https:\/\/optimuscura.pl\/www\/?page_id=27\" class=\"more-link\">Czytaj dalej<span class=\"screen-reader-text\"> \u201eOferujemy\u201d<\/span><\/a><\/p>\n","protected":false},"author":1,"featured_media":25,"parent":0,"menu_order":0,"comment_status":"closed","ping_status":"closed","template":"","meta":{"footnotes":""},"class_list":["post-27","page","type-page","status-publish","has-post-thumbnail","hentry"],"_links":{"self":[{"href":"https:\/\/optimuscura.pl\/www\/index.php?rest_route=\/wp\/v2\/pages\/27","targetHints":{"allow":["GET"]}}],"collection":[{"href":"https:\/\/optimuscura.pl\/www\/index.php?rest_route=\/wp\/v2\/pages"}],"about":[{"href":"https:\/\/optimuscura.pl\/www\/index.php?rest_route=\/wp\/v2\/types\/page"}],"author":[{"embeddable":true,"href":"https:\/\/optimuscura.pl\/www\/index.php?rest_route=\/wp\/v2\/users\/1"}],"replies":[{"embeddable":true,"href":"https:\/\/optimuscura.pl\/www\/index.php?rest_route=%2Fwp%2Fv2%2Fcomments&post=27"}],"version-history":[{"count":3,"href":"https:\/\/optimuscura.pl\/www\/index.php?rest_route=\/wp\/v2\/pages\/27\/revisions"}],"predecessor-version":[{"id":73,"href":"https:\/\/optimuscura.pl\/www\/index.php?rest_route=\/wp\/v2\/pages\/27\/revisions\/73"}],"wp:featuredmedia":[{"embeddable":true,"href":"https:\/\/optimuscura.pl\/www\/index.php?rest_route=\/wp\/v2\/media\/25"}],"wp:attachment":[{"href":"https:\/\/optimuscura.pl\/www\/index.php?rest_route=%2Fwp%2Fv2%2Fmedia&parent=27"}],"curies":[{"name":"wp","href":"https:\/\/api.w.org\/{rel}","templated":true}]}}